{"id":16,"date":"2024-07-22T02:09:43","date_gmt":"2024-07-22T02:09:43","guid":{"rendered":"https:\/\/escuelaayssa.com\/?page_id=16"},"modified":"2024-07-22T05:18:22","modified_gmt":"2024-07-22T05:18:22","slug":"elementor-16","status":"publish","type":"page","link":"https:\/\/escuelaayssa.com\/","title":{"rendered":"INICIO"},"content":{"rendered":"\t\t<div data-elementor-type=\"wp-post\" data-elementor-id=\"16\" class=\"elementor elementor-16\">\n\t\t\t\t<div class=\"elementor-element elementor-element-adbe195 e-con-full e-flex e-con e-parent\" data-id=\"adbe195\" data-element_type=\"container\">\n\t\t\t\t<div class=\"elementor-element elementor-element-5f187cf elementor-widget elementor-widget-slider_revolution\" data-id=\"5f187cf\" data-element_type=\"widget\" data-widget_type=\"slider_revolution.default\">\n\t\t\t\t<div class=\"elementor-widget-container\">\n\t\t\t\n\t\t<div class=\"wp-block-themepunch-revslider\">\n\t\t\t\t<p class=\"rs-p-wp-fix\"><\/p>\n\t\t\t\t<sr7-module data-alias=\"slider-3\" data-id=\"3\" id=\"SR7_3_1\" class=\"rs-ov-hidden\" data-version=\"6.7.15\">\n\t\t\t\t\t<sr7-adjuster><\/sr7-adjuster>\n\t\t\t\t\t<sr7-content>\n\t\t\t\t\t\t<sr7-slide id=\"SR7_3_1-6\" data-key=\"6\">\n\t\t\t\t\t\t\t<sr7-txt id=\"SR7_3_1-6-1\" class=\"sr7-layer\">ESCUELA AYSSA DE<br \/>\nDI\u00c1LOGO Y NEGOCIACI\u00d3N<br \/>\nESTRAT\u00c9GICA<\/sr7-txt>\n\t\t\t\t\t\t\t<sr7-txt id=\"SR7_3_1-6-2\" class=\"sr7-layer\">La Escuela de Negociaci\u00f3n Estrat\u00e9gica es una instituci\u00f3n de formaci\u00f3n, capacitaci\u00f3n<br \/>\ny pr\u00e1ctica de negociaci\u00f3n social y pol\u00edtica orientada a la preparaci\u00f3n de personas del<br \/>\nsector p\u00fablico, sector privado y sector social que, en raz\u00f3n de sus actividades, necesitan<br \/>\nestar preparadas para llegar a acuerdos con sus contrapartes.<\/sr7-txt>\n\t\t\t\t\t\t<\/sr7-slide>\n\t\t\t\t\t\t<sr7-slide id=\"SR7_3_1-7\" data-key=\"7\">\n\t\t\t\t\t\t<\/sr7-slide>\n\t\t\t\t\t<\/sr7-content>\n\t\t\t\t\t<image_lists style=\"display:none\">\n\t\t\t\t\t\t<img data-src=\"\/\/escuelaayssa.com\/wp-content\/uploads\/2024\/07\/fondo-1.jpg\" data-libid=\"53\" data-lib=\"medialibrary\" title=\"fondo 1\" width=\"0\" height=\"0\" data-dbsrc=\"Ly9lc2N1ZWxhYXlzc2EuY29tL3dwLWNvbnRlbnQvdXBsb2Fkcy8yMDI0LzA3L2ZvbmRvLTEuanBn\"\/>\n\t\t\t\t\t<\/image_lists>\n\t\t\t\t<\/sr7-module>\n\t\t\t\t<script>\n\t\t\t\t\tSR7.PMH ??={}; SR7.PMH[\"SR7_3_1\"] = {cn:0,state:false,fn: function() { if (_tpt!==undefined && _tpt.prepareModuleHeight !== undefined) {  _tpt.prepareModuleHeight({id:\"SR7_3_1\",el:[900,900,768,960,720],type:'standard',shdw:'0',gh:[900,900,768,960,720],gw:[1240,1240,1024,778,480],vpt:['100px&#039;,&#039;100px&#039;,&#039;100px&#039;,&#039;100px&#039;,&#039;100px'],size:{fullWidth:true, fullHeight:false},mh:'0',onh:0,onw:0,bg:{color:'{\"orig\":\"transparent\",\"type\":\"solid\",\"string\":\"transparent\"}'}});   SR7.PMH[\"SR7_3_1\"].state=true;} else if((SR7.PMH[\"SR7_3_1\"].cn++)<100)\tsetTimeout( SR7.PMH[\"SR7_3_1\"].fn,19);}};SR7.PMH[\"SR7_3_1\" ].fn();\n\t\t\t\t<\/script>\n<\/div>\n\n\t\t\t\t<\/div>\n\t\t\t\t<\/div>\n\t\t\t\t<\/div>\n\t\t\t\t<\/div>\n\t\t","protected":false},"excerpt":{"rendered":"","protected":false},"author":2,"featured_media":0,"parent":0,"menu_order":0,"comment_status":"closed","ping_status":"closed","template":"elementor_header_footer","meta":{"footnotes":""},"class_list":["post-16","page","type-page","status-publish","hentry"],"yoast_head":"<!-- This site is optimized with the Yoast SEO plugin v27.4 - https:\/\/yoast.com\/product\/yoast-seo-wordpress\/ -->\n<title>INICIO - Escuela AYSSA<\/title>\n<meta name=\"robots\" content=\"index, follow, max-snippet:-1, max-image-preview:large, max-video-preview:-1\" \/>\n<link rel=\"canonical\" href=\"https:\/\/escuelaayssa.com\/\" \/>\n<meta property=\"og:locale\" content=\"es_ES\" \/>\n<meta property=\"og:type\" content=\"article\" \/>\n<meta property=\"og:title\" content=\"INICIO - Escuela AYSSA\" \/>\n<meta property=\"og:url\" content=\"https:\/\/escuelaayssa.com\/\" \/>\n<meta property=\"og:site_name\" content=\"Escuela AYSSA\" \/>\n<meta property=\"article:modified_time\" content=\"2024-07-22T05:18:22+00:00\" \/>\n<meta name=\"twitter:card\" content=\"summary_large_image\" \/>\n<meta name=\"twitter:label1\" content=\"Tiempo de lectura\" \/>\n\t<meta name=\"twitter:data1\" content=\"1 minuto\" \/>\n<script type=\"application\/ld+json\" class=\"yoast-schema-graph\">{\"@context\":\"https:\\\/\\\/schema.org\",\"@graph\":[{\"@type\":\"WebPage\",\"@id\":\"https:\\\/\\\/escuelaayssa.com\\\/\",\"url\":\"https:\\\/\\\/escuelaayssa.com\\\/\",\"name\":\"INICIO - Escuela AYSSA\",\"isPartOf\":{\"@id\":\"https:\\\/\\\/escuelaayssa.com\\\/#website\"},\"datePublished\":\"2024-07-22T02:09:43+00:00\",\"dateModified\":\"2024-07-22T05:18:22+00:00\",\"breadcrumb\":{\"@id\":\"https:\\\/\\\/escuelaayssa.com\\\/#breadcrumb\"},\"inLanguage\":\"es\",\"potentialAction\":[{\"@type\":\"ReadAction\",\"target\":[\"https:\\\/\\\/escuelaayssa.com\\\/\"]}]},{\"@type\":\"BreadcrumbList\",\"@id\":\"https:\\\/\\\/escuelaayssa.com\\\/#breadcrumb\",\"itemListElement\":[{\"@type\":\"ListItem\",\"position\":1,\"name\":\"Portada\",\"item\":\"https:\\\/\\\/escuelaayssa.com\\\/\"},{\"@type\":\"ListItem\",\"position\":2,\"name\":\"INICIO\"}]},{\"@type\":\"WebSite\",\"@id\":\"https:\\\/\\\/escuelaayssa.com\\\/#website\",\"url\":\"https:\\\/\\\/escuelaayssa.com\\\/\",\"name\":\"Escuela AYSSA\",\"description\":\"\",\"publisher\":{\"@id\":\"https:\\\/\\\/escuelaayssa.com\\\/#organization\"},\"potentialAction\":[{\"@type\":\"SearchAction\",\"target\":{\"@type\":\"EntryPoint\",\"urlTemplate\":\"https:\\\/\\\/escuelaayssa.com\\\/?s={search_term_string}\"},\"query-input\":{\"@type\":\"PropertyValueSpecification\",\"valueRequired\":true,\"valueName\":\"search_term_string\"}}],\"inLanguage\":\"es\"},{\"@type\":\"Organization\",\"@id\":\"https:\\\/\\\/escuelaayssa.com\\\/#organization\",\"name\":\"Escuela AYSSA\",\"url\":\"https:\\\/\\\/escuelaayssa.com\\\/\",\"logo\":{\"@type\":\"ImageObject\",\"inLanguage\":\"es\",\"@id\":\"https:\\\/\\\/escuelaayssa.com\\\/#\\\/schema\\\/logo\\\/image\\\/\",\"url\":\"https:\\\/\\\/escuelaayssa.com\\\/wp-content\\\/uploads\\\/2024\\\/07\\\/logo-escuela-01.png\",\"contentUrl\":\"https:\\\/\\\/escuelaayssa.com\\\/wp-content\\\/uploads\\\/2024\\\/07\\\/logo-escuela-01.png\",\"width\":1250,\"height\":245,\"caption\":\"Escuela AYSSA\"},\"image\":{\"@id\":\"https:\\\/\\\/escuelaayssa.com\\\/#\\\/schema\\\/logo\\\/image\\\/\"}}]}<\/script>\n<!-- \/ Yoast SEO plugin. -->","yoast_head_json":{"title":"INICIO - Escuela AYSSA","robots":{"index":"index","follow":"follow","max-snippet":"max-snippet:-1","max-image-preview":"max-image-preview:large","max-video-preview":"max-video-preview:-1"},"canonical":"https:\/\/escuelaayssa.com\/","og_locale":"es_ES","og_type":"article","og_title":"INICIO - Escuela AYSSA","og_url":"https:\/\/escuelaayssa.com\/","og_site_name":"Escuela AYSSA","article_modified_time":"2024-07-22T05:18:22+00:00","twitter_card":"summary_large_image","twitter_misc":{"Tiempo de lectura":"1 minuto"},"schema":{"@context":"https:\/\/schema.org","@graph":[{"@type":"WebPage","@id":"https:\/\/escuelaayssa.com\/","url":"https:\/\/escuelaayssa.com\/","name":"INICIO - Escuela AYSSA","isPartOf":{"@id":"https:\/\/escuelaayssa.com\/#website"},"datePublished":"2024-07-22T02:09:43+00:00","dateModified":"2024-07-22T05:18:22+00:00","breadcrumb":{"@id":"https:\/\/escuelaayssa.com\/#breadcrumb"},"inLanguage":"es","potentialAction":[{"@type":"ReadAction","target":["https:\/\/escuelaayssa.com\/"]}]},{"@type":"BreadcrumbList","@id":"https:\/\/escuelaayssa.com\/#breadcrumb","itemListElement":[{"@type":"ListItem","position":1,"name":"Portada","item":"https:\/\/escuelaayssa.com\/"},{"@type":"ListItem","position":2,"name":"INICIO"}]},{"@type":"WebSite","@id":"https:\/\/escuelaayssa.com\/#website","url":"https:\/\/escuelaayssa.com\/","name":"Escuela AYSSA","description":"","publisher":{"@id":"https:\/\/escuelaayssa.com\/#organization"},"potentialAction":[{"@type":"SearchAction","target":{"@type":"EntryPoint","urlTemplate":"https:\/\/escuelaayssa.com\/?s={search_term_string}"},"query-input":{"@type":"PropertyValueSpecification","valueRequired":true,"valueName":"search_term_string"}}],"inLanguage":"es"},{"@type":"Organization","@id":"https:\/\/escuelaayssa.com\/#organization","name":"Escuela AYSSA","url":"https:\/\/escuelaayssa.com\/","logo":{"@type":"ImageObject","inLanguage":"es","@id":"https:\/\/escuelaayssa.com\/#\/schema\/logo\/image\/","url":"https:\/\/escuelaayssa.com\/wp-content\/uploads\/2024\/07\/logo-escuela-01.png","contentUrl":"https:\/\/escuelaayssa.com\/wp-content\/uploads\/2024\/07\/logo-escuela-01.png","width":1250,"height":245,"caption":"Escuela AYSSA"},"image":{"@id":"https:\/\/escuelaayssa.com\/#\/schema\/logo\/image\/"}}]}},"_links":{"self":[{"href":"https:\/\/escuelaayssa.com\/index.php\/wp-json\/wp\/v2\/pages\/16","targetHints":{"allow":["GET"]}}],"collection":[{"href":"https:\/\/escuelaayssa.com\/index.php\/wp-json\/wp\/v2\/pages"}],"about":[{"href":"https:\/\/escuelaayssa.com\/index.php\/wp-json\/wp\/v2\/types\/page"}],"author":[{"embeddable":true,"href":"https:\/\/escuelaayssa.com\/index.php\/wp-json\/wp\/v2\/users\/2"}],"replies":[{"embeddable":true,"href":"https:\/\/escuelaayssa.com\/index.php\/wp-json\/wp\/v2\/comments?post=16"}],"version-history":[{"count":47,"href":"https:\/\/escuelaayssa.com\/index.php\/wp-json\/wp\/v2\/pages\/16\/revisions"}],"predecessor-version":[{"id":110,"href":"https:\/\/escuelaayssa.com\/index.php\/wp-json\/wp\/v2\/pages\/16\/revisions\/110"}],"wp:attachment":[{"href":"https:\/\/escuelaayssa.com\/index.php\/wp-json\/wp\/v2\/media?parent=16"}],"curies":[{"name":"wp","href":"https:\/\/api.w.org\/{rel}","templated":true}]}}